{"id":3,"date":"2025-09-05T11:15:00","date_gmt":"2025-09-05T09:15:00","guid":{"rendered":"https:\/\/masseriaparadiso.it\/?page_id=3"},"modified":"2025-10-31T15:46:08","modified_gmt":"2025-10-31T14:46:08","slug":"privacy-policy","status":"publish","type":"page","link":"https:\/\/masseriaparadiso.it\/it\/privacy-policy\/","title":{"rendered":"Privacy Policy"},"content":{"rendered":"\t\t<div data-elementor-type=\"wp-page\" data-elementor-id=\"3\" class=\"elementor elementor-3\" data-elementor-post-type=\"page\">\n\t\t\t\t<div data-particle_enable=\"false\" data-particle-mobile-disabled=\"false\" class=\"elementor-element elementor-element-3b11325 e-flex e-con-boxed e-con e-parent\" data-id=\"3b11325\" data-element_type=\"container\">\n\t\t\t\t\t<div class=\"e-con-inner\">\n\t\t\t\t<div class=\"elementor-element elementor-element-e89cbad elementor-widget elementor-widget-spacer\" data-id=\"e89cbad\" data-element_type=\"widget\" data-widget_type=\"spacer.default\">\n\t\t\t\t\t\t\t<div class=\"elementor-spacer\">\n\t\t\t<div class=\"elementor-spacer-inner\"><\/div>\n\t\t<\/div>\n\t\t\t\t\t\t<\/div>\n\t\t\t\t<div class=\"elementor-element elementor-element-726a8857 elementor-widget elementor-widget-text-editor\" data-id=\"726a8857\" data-element_type=\"widget\" data-widget_type=\"text-editor.default\">\n\t\t\t\t\t\t\t\t\t<p><b>PRIVACY E COOKIE POLICY<\/b><\/p><p><b>Informativa ai sensi dell\u2019art. 13 del Regolamento europeo 679\/2016<br \/><\/b><span style=\"font-size: 1rem;\">Ai sensi dell\u2019art. 13 del Regolamento europeo (UE) 2016\/679 (di seguito denominato GDPR), e in relazione ai dati personali di cui Masseria Paradiso entrer\u00e0 nella disponibilit\u00e0 con l\u2019inserimento dei medesimi nel modulo \u201cContatti\u201d presente sul sito web consultabile all\u2019indirizzo: masseriaparadiso.it\/contatti, e ai dati personali inviati agli indirizzi mail indicati nel medesimo sito, si comunica quanto segue.<\/span><\/p><p><strong>Titolare del trattamento e responsabile della protezione dei dati personali<\/strong><br \/>Titolare del trattamento viene indicata Masseria Paradiso srl (di seguito denominato \u201cTitolare del trattamento\u201d) con sede legale in Contrada Paradiso snc &#8211;\u00a072017 Ostuni (BR).<br \/>Il Titolare del trattamento, con riferimento ad ogni richiesta avente ad oggetto la gestione ed il trattamento dei dati personali, potr\u00e0 essere contattato mediante il seguente indirizzo e-mail: info@masseriaparadiso.it.<br \/>Masseria Paradiso non ha nominato un responsabile della protezione dei dati personali (RPD ovvero, DPO, Data Protection Officer), non rientrando nelle categorie di soggetti tenuti obbligatoriamente a nominarlo, n\u00e9 ricorrendo alcuno dei presupposti previsti dall\u2019Art. 37 del GDPR.<\/p><p><strong>Finalit\u00e0 del trattamento dei dati<\/strong><br \/>Il trattamento dei dati acquisiti con le suddette modalit\u00e0 ha la finalit\u00e0 di fornire informazioni aventi ad oggetto i servizi e le attivit\u00e0 di Masseria Paradiso, quali a mero titolo di esempio i servizi offerti, e consentire a Masseria Paradiso\u00a0di riscontrare le richieste di informazioni ricevute.<br \/>I dati personali potranno essere trattati a mezzo di archivi cartacei o informatici e gestiti con modalit\u00e0 strettamente necessarie a far fronte alle finalit\u00e0 sopra indicate.<\/p><p><strong>Base giuridica del trattamento<\/strong><br \/>Masseria Paradiso\u00a0tratta i dati personali lecitamente, laddove il trattamento sia basato sul consenso espresso alla ricezione di informazioni aventi ad oggetto i servizi e le attivit\u00e0 di Masseria Paradiso, ovvero a consentire di riscontrare le richieste di informazioni ricevute, al fine di assolvere il dovere di cooperazione e informazione contrattuale in conformit\u00e0 alle disposizioni di Legge.<\/p><p><strong>Conseguenze della mancata comunicazione dei dati personali<\/strong><br \/>Con riguardo ai dati personali richiesti, la mancata comunicazione degli stessi impedisce a Masseria Paradiso\u00a0di inviare informazioni \u2013 con le modalit\u00e0 indicate \u2013 aventi ad oggetto i servizi e le attivit\u00e0 dalla medesima prestate.<\/p><p><strong>Conservazione dei dati<\/strong><br \/>I dati personali, oggetto di trattamento, saranno conservati per un periodo di tempo non superiore a quello necessario ad assolvere le finalit\u00e0 per i quali essi sono stati raccolti e\/o successivamente trattati, o per assolvere comunque obblighi di conservazione prescritti da norme di Legge.<\/p><p><strong>Comunicazione dei dati<\/strong><br \/>I dati personali potranno essere comunicati a:<br \/>1. Autorit\u00e0 giudiziarie o amministrative, per l\u2019adempimento di obblighi di Legge.<br \/>2. Soggetti che elaborano i dati in esecuzione di specifici obblighi di Legge;<br \/>3. Categorie di incaricati coinvolti nell\u2019organizzazione del sito (personale amministrativo, commerciale, marketing, legali, amministratori di sistema) ovvero soggetti esterni (come fornitori di servizi tecnici terzi, hosting provider, societ\u00e0 informatiche, agenzie di comunicazione).<\/p><p><strong>Diffusione dei dati con processi decisionali automatizzati e Profilazione<\/strong><br \/>I dati personali non sono soggetti a diffusione n\u00e9 ad alcun processo decisionale interamente automatizzato, n\u00e9 a profilazione, ovvero ogni forma di trattamento svolto in forma automatizzata avente ad oggetto informazioni personali al fine di valutare aspetti della sfera personale di un individuo e\/o di un gruppo di individui, anche a fini pubblicitari e\/o di marketing.<span style=\"font-size: 1rem;\">\u00a0<\/span><\/p><p><strong>Diritti dell\u2019interessato<\/strong><br \/>Tra i diritti riconosciuti dal GDPR rientrano quelli di:<br \/>\u2013 chiedere al Titolare del trattamento l\u2019accesso ai dati personali ed alle informazioni relative agli stessi; la modifica dei dati inesatti o l\u2019integrazione di quelli non completi; la cancellazione dei dati personali, c.d. diritto all\u2019oblio (al verificarsi di una delle condizioni indicate nell\u2019art. 17, paragrafo 1 del GDPR e nel rispetto delle eccezioni previste nel paragrafo 3 dello stesso articolo); la limitazione del trattamento dei dati personali precedentemente forniti (al ricorrere di una delle ipotesi indicate nell\u2019art. 18, paragrafo 1 del GDPR);<br \/>\u2013 richiedere ed ottenere dal Titolare del trattamento \u2013 nelle ipotesi in cui la base giuridica del trattamento sia il consenso, e lo stesso sia effettuato con mezzi automatizzati \u2013 copia dei dati personali forniti e di quelli generatisi nell\u2019esecuzione del rapporto (e non di dati anonimi o non concernenti esclusivamente la persona del richiedente) in un formato di uso comune e leggibile da dispositivo automatico, anche al fine di comunicare tali dati ad un altro titolare del trattamento, c.d. diritto alla portabilit\u00e0 dei dati personali. L\u2019esercizio del diritto alla portabilit\u00e0 non implica in via automatica la cancellazione dei dati, che deve essere oggetto di apposita richiesta. Il Titolare del trattamento non potr\u00e0 rilasciare copia dei dati qualora questi siano stati oggetto di cancellazione su istanza del richiedente o sia decorso il termine di conservazione, come sopra precisato.<br \/>Al fine di garantire la sicurezza e prevenire attivit\u00e0 illecite, il rilascio di copia dei dati personali \u00e8 subordinato al superamento di procedure di verifica dell\u2019identit\u00e0 del richiedente da parte del Titolare del trattamento. In ogni caso\u00a0<span style=\"font-size: 1rem;\">Masseria Paradiso<\/span><span style=\"font-size: 1rem;\">\u00a0non \u00e8 responsabile in alcun modo del trattamento effettuato dal singolo interessato o da altro soggetto che riceva i dati oggetto di portabilit\u00e0;<br \/><\/span><span style=\"font-size: 1rem;\">\u2013 opporsi in qualsiasi momento al trattamento dei dati personali al ricorrere di situazioni particolari;<br \/><\/span><span style=\"font-size: 1rem;\">\u2013 revocare il consenso in qualsiasi momento, limitatamente alle ipotesi in cui il trattamento sia basato sul consenso per una o pi\u00f9 specifiche finalit\u00e0 e riguardi dati personali comuni (es. indirizzo di residenza, data di nascita, ecc.), oppure particolari categorie di dati (es. dati concernenti stato di salute, origine razziale, opinioni politiche, convinzioni religiose, vita sessuale, ecc.). Il trattamento basato sul consenso ed effettuato antecedentemente alla revoca dello stesso \u00e8 comunque lecito;<br \/><\/span><span style=\"font-size: 1rem;\">Per l\u2019esercizio dei diritti che precedono \u00e8 necessario utilizzare l\u2019apposito modulo messo a disposizione al seguente link masseriaparadiso.it\/contatti o inviare una richiesta a mezzo mail al seguente indirizzo info@masseriaparadiso.it<br \/><\/span><span style=\"font-size: 1rem;\">\u2013 proporre reclamo a un\u2019autorit\u00e0 di controllo (Autorit\u00e0 Garante per la protezione dei dati personali \u2013\u00a0www.garanteprivacy.it).<\/span><\/p><p><strong>Cookie<\/strong><br \/>Il nostro sito potrebbe archiviare o recuperare informazioni dal browser sotto forma di cookie.<br \/>I cookie sono necessari per il corretto funzionamento del sito e per migliorare l\u2019esperienza di navigazione degli utenti poich\u00e9 memorizzano alcune informazioni (es. preferenze, dispositivo di accesso a internet, etc) utili per i successivi accessi al sito.<span style=\"font-size: 1rem;\">\u00a0<\/span><\/p><p><em>Cookie utilizzati<\/em><br \/>Cookie tecnici<br \/>Abilitano funzioni senza le quali non sarebbe possibile utilizzare appieno il sito.<br \/>_icl_current_language<br \/>cc_cookie<br \/>PHPSESSID<span style=\"font-size: 1rem;\">\u00a0<\/span><\/p><p>Cookie analitici<br \/>Vengono utilizzati per capire come i visitatori interagiscono con il sito web.<br \/>_ga<br \/>_ga_*<\/p><p><span style=\"font-size: 1rem;\"><b>Gestione dei cookie<br \/><\/b><\/span><span style=\"font-size: 1rem;\">Ai sensi dell\u2019art. 24 del GDPR, gli utenti possono scegliere, liberamente e gratuitamente, se accettare o meno i cookie, in qualunque momento la scelta potr\u00e0 essere modificata.<br \/><\/span><span style=\"font-size: 1rem;\">In caso di accettazione, che avviene cliccando sull\u2019apposito pulsante inserito nell\u2019informativa breve, i cookie contenuti nelle pagine consultate saranno registrati, in maniera temporanea, in un\u2019area del vostro computer e saranno leggibili solo dal soggetto che li ha emessi. Dall\u2019informativa breve, \u00e8 possibile personalizzare le impostazioni dei cookie, scegliendo quali accettare e quali rifiutare.<br \/><\/span><span style=\"font-size: 1rem;\">In caso di rifiuto dei cookie, o di rimozione dei cookie gi\u00e0 presenti, non potrete beneficiare delle funzionalit\u00e0 ad essi collegate.<br \/><\/span><span style=\"font-size: 1rem;\">Per capire meglio come configurare il vostro sistema di navigazione, sia per l\u2019accettazione che per il rifiuto, di seguito i link alle guide sui cookie dei diversi browser:<br \/><\/span><span style=\"font-size: 1rem;\">Internet Explorer\u2122: http:\/\/windows.microsoft.com\/it-it\/windows7\/block-enable-or-allow-cookies<br \/><\/span><span style=\"font-size: 1rem;\">Safari\u2122: http:\/\/www.apple.com\/it\/privacy\/use-of-cookies\/<br \/><\/span><span style=\"font-size: 1rem;\">Chrome\u2122: https:\/\/support.google.com\/chrome\/answer\/95647?hl=it&amp;hlrm=en<br \/><\/span><span style=\"font-size: 1rem;\">Firefox\u2122: http:\/\/support.mozilla.org\/it\/kb\/Attivare%20e%20disattivare%20i%20cookie<br \/><\/span><span style=\"font-size: 1rem;\">Opera\u2122:\u00a0http:\/\/help.opera.com\/Windows\/10.20\/it\/cookies.html<\/span><\/p><p><strong>Risorse<\/strong><br \/>Per ulteriori informazioni sulla privacy e i cookie, consultate il sito del Garante per la Protezione dei Dati Personali:\u00a0https:\/\/www.garanteprivacy.it\/home<\/p><p><strong>Modifiche alla privacy policy<\/strong><br \/>Il titolare del trattamento si riserva il diritto di apportare modifiche alla presente privacy policy in qualunque momento dandone pubblicit\u00e0 agli utenti su questa pagina. Si prega dunque di consultare spesso questa pagina, prendendo come riferimento la data di ultima modifica indicata in fondo. Nel caso di mancata accettazione delle modifiche apportate alla presente privacy policy, l\u2019utente \u00e8 tenuto a cessare l\u2019utilizzo di questo sito e pu\u00f2 richiedere al titolare del trattamento di rimuovere i propri dati personali. Salvo quanto diversamente specificato, la precedente privacy policy continuer\u00e0 ad applicarsi ai dati personali sino a quel momento raccolti.<br \/><br \/><strong>Cookie tecnici funzionali<\/strong><br \/>Abilitano funzioni senza le quali non sarebbe possibile utilizzare appieno il sito.<\/p><p>ACCOUNT_CHOOSER<br \/>AEC<br \/>AMP_*<br \/>APISID<br \/>cc_cookie<br \/>DV<br \/>FPAU<br \/>FPID<br \/>hide-newsletter-popup<br \/>HSID<br \/>LSID<br \/>NID<br \/>OGP<br \/>OGPC<br \/>OTZ<br \/>PHPSESSID<br \/>Prestashop-*<br \/>SAPISID<br \/>SEARCH_SAMESITE<br \/>SID<br \/>SIDCC<br \/>SSID<br \/>UULE<br \/>_Host-*<br \/>_Secure-*<br \/>_shopify_y<br \/>kdld<\/p><p>Cookie analitici e di monitoraggio<br \/>Raccolgono informazioni sull&#8217;uso di un sito web da parte dei visitatori, nel nostro caso si tratta di cookie di terze parti (Google Analytics, maggiori info su Google).<\/p><p>_ga<br \/>_ga_*<\/p><p>Cookie di marketing<\/p><p>Questa tipologia di cookie mostra ai visitatori di questo sito web degli annunci pubblicitari in linea con i loro interessi.<\/p><p>fbp<\/p><p>Ultima modifica privacy policy: ottobre 2025<\/p>\t\t\t\t\t\t\t\t<\/div>\n\t\t\t\t\t<\/div>\n\t\t\t\t<\/div>\n\t\t\t\t<\/div>\n\t\t","protected":false},"excerpt":{"rendered":"<p>PRIVACY E COOKIE POLICY Informativa ai sensi dell\u2019art. 13 del Regolamento europeo 679\/2016Ai sensi dell\u2019art. 13 del Regolamento europeo (UE) 2016\/679 (di seguito denominato GDPR), e in relazione ai dati personali di cui Masseria Paradiso entrer\u00e0 nella disponibilit\u00e0 con l\u2019inserimento dei medesimi nel modulo \u201cContatti\u201d presente sul sito web consultabile all\u2019indirizzo: masseriaparadiso.it\/contatti, e ai dati [&hellip;]<\/p>\n","protected":false},"author":1,"featured_media":0,"parent":0,"menu_order":0,"comment_status":"closed","ping_status":"open","template":"","meta":{"footnotes":""},"class_list":["post-3","page","type-page","status-publish","hentry"],"yoast_head":"<!-- This site is optimized with the Yoast SEO plugin v27.0 - https:\/\/yoast.com\/product\/yoast-seo-wordpress\/ -->\n<title>Privacy Policy - Masseria Paradiso<\/title>\n<meta name=\"robots\" content=\"index, follow, max-snippet:-1, max-image-preview:large, max-video-preview:-1\" \/>\n<link rel=\"canonical\" href=\"https:\/\/masseriaparadiso.it\/it\/privacy-policy\/\" \/>\n<meta property=\"og:locale\" content=\"it_IT\" \/>\n<meta property=\"og:type\" content=\"article\" \/>\n<meta property=\"og:title\" content=\"Privacy Policy - Masseria Paradiso\" \/>\n<meta property=\"og:description\" content=\"PRIVACY E COOKIE POLICY Informativa ai sensi dell\u2019art. 13 del Regolamento europeo 679\/2016Ai sensi dell\u2019art. 13 del Regolamento europeo (UE) 2016\/679 (di seguito denominato GDPR), e in relazione ai dati personali di cui Masseria Paradiso entrer\u00e0 nella disponibilit\u00e0 con l\u2019inserimento dei medesimi nel modulo \u201cContatti\u201d presente sul sito web consultabile all\u2019indirizzo: masseriaparadiso.it\/contatti, e ai dati [&hellip;]\" \/>\n<meta property=\"og:url\" content=\"https:\/\/masseriaparadiso.it\/it\/privacy-policy\/\" \/>\n<meta property=\"og:site_name\" content=\"Masseria Paradiso\" \/>\n<meta property=\"article:modified_time\" content=\"2025-10-31T14:46:08+00:00\" \/>\n<meta property=\"og:image\" content=\"https:\/\/masseriaparadiso.it\/wp-content\/uploads\/2026\/03\/Masseria-Logo-Social.png\" \/>\n\t<meta property=\"og:image:width\" content=\"320\" \/>\n\t<meta property=\"og:image:height\" content=\"320\" \/>\n\t<meta property=\"og:image:type\" content=\"image\/png\" \/>\n<meta name=\"twitter:card\" content=\"summary_large_image\" \/>\n<meta name=\"twitter:label1\" content=\"Tempo di lettura stimato\" \/>\n\t<meta name=\"twitter:data1\" content=\"7 minuti\" \/>\n<script type=\"application\/ld+json\" class=\"yoast-schema-graph\">{\"@context\":\"https:\/\/schema.org\",\"@graph\":[{\"@type\":\"WebPage\",\"@id\":\"https:\/\/masseriaparadiso.it\/it\/privacy-policy\/\",\"url\":\"https:\/\/masseriaparadiso.it\/it\/privacy-policy\/\",\"name\":\"Privacy Policy - Masseria Paradiso\",\"isPartOf\":{\"@id\":\"https:\/\/masseriaparadiso.it\/#website\"},\"datePublished\":\"2025-09-05T09:15:00+00:00\",\"dateModified\":\"2025-10-31T14:46:08+00:00\",\"breadcrumb\":{\"@id\":\"https:\/\/masseriaparadiso.it\/it\/privacy-policy\/#breadcrumb\"},\"inLanguage\":\"it-IT\",\"potentialAction\":[{\"@type\":\"ReadAction\",\"target\":[\"https:\/\/masseriaparadiso.it\/it\/privacy-policy\/\"]}]},{\"@type\":\"BreadcrumbList\",\"@id\":\"https:\/\/masseriaparadiso.it\/it\/privacy-policy\/#breadcrumb\",\"itemListElement\":[{\"@type\":\"ListItem\",\"position\":1,\"name\":\"Home\",\"item\":\"https:\/\/masseriaparadiso.it\/it\/\"},{\"@type\":\"ListItem\",\"position\":2,\"name\":\"Privacy Policy\"}]},{\"@type\":\"WebSite\",\"@id\":\"https:\/\/masseriaparadiso.it\/#website\",\"url\":\"https:\/\/masseriaparadiso.it\/\",\"name\":\"Masseria Paradiso\",\"description\":\"Where luxury means living slowly.\",\"publisher\":{\"@id\":\"https:\/\/masseriaparadiso.it\/#organization\"},\"alternateName\":\"Where luxury means living slowly.\",\"potentialAction\":[{\"@type\":\"SearchAction\",\"target\":{\"@type\":\"EntryPoint\",\"urlTemplate\":\"https:\/\/masseriaparadiso.it\/?s={search_term_string}\"},\"query-input\":{\"@type\":\"PropertyValueSpecification\",\"valueRequired\":true,\"valueName\":\"search_term_string\"}}],\"inLanguage\":\"it-IT\"},{\"@type\":\"Organization\",\"@id\":\"https:\/\/masseriaparadiso.it\/#organization\",\"name\":\"Masseria Paradiso\",\"url\":\"https:\/\/masseriaparadiso.it\/\",\"logo\":{\"@type\":\"ImageObject\",\"inLanguage\":\"it-IT\",\"@id\":\"https:\/\/masseriaparadiso.it\/#\/schema\/logo\/image\/\",\"url\":\"https:\/\/masseriaparadiso.it\/wp-content\/uploads\/2026\/02\/569271569_18075728717275631_4951930780644295676_n.jpg\",\"contentUrl\":\"https:\/\/masseriaparadiso.it\/wp-content\/uploads\/2026\/02\/569271569_18075728717275631_4951930780644295676_n.jpg\",\"width\":320,\"height\":320,\"caption\":\"Masseria Paradiso\"},\"image\":{\"@id\":\"https:\/\/masseriaparadiso.it\/#\/schema\/logo\/image\/\"}}]}<\/script>\n<!-- \/ Yoast SEO plugin. -->","yoast_head_json":{"title":"Privacy Policy - Masseria Paradiso","robots":{"index":"index","follow":"follow","max-snippet":"max-snippet:-1","max-image-preview":"max-image-preview:large","max-video-preview":"max-video-preview:-1"},"canonical":"https:\/\/masseriaparadiso.it\/it\/privacy-policy\/","og_locale":"it_IT","og_type":"article","og_title":"Privacy Policy - Masseria Paradiso","og_description":"PRIVACY E COOKIE POLICY Informativa ai sensi dell\u2019art. 13 del Regolamento europeo 679\/2016Ai sensi dell\u2019art. 13 del Regolamento europeo (UE) 2016\/679 (di seguito denominato GDPR), e in relazione ai dati personali di cui Masseria Paradiso entrer\u00e0 nella disponibilit\u00e0 con l\u2019inserimento dei medesimi nel modulo \u201cContatti\u201d presente sul sito web consultabile all\u2019indirizzo: masseriaparadiso.it\/contatti, e ai dati [&hellip;]","og_url":"https:\/\/masseriaparadiso.it\/it\/privacy-policy\/","og_site_name":"Masseria Paradiso","article_modified_time":"2025-10-31T14:46:08+00:00","og_image":[{"width":320,"height":320,"url":"https:\/\/masseriaparadiso.it\/wp-content\/uploads\/2026\/03\/Masseria-Logo-Social.png","type":"image\/png"}],"twitter_card":"summary_large_image","twitter_misc":{"Tempo di lettura stimato":"7 minuti"},"schema":{"@context":"https:\/\/schema.org","@graph":[{"@type":"WebPage","@id":"https:\/\/masseriaparadiso.it\/it\/privacy-policy\/","url":"https:\/\/masseriaparadiso.it\/it\/privacy-policy\/","name":"Privacy Policy - Masseria Paradiso","isPartOf":{"@id":"https:\/\/masseriaparadiso.it\/#website"},"datePublished":"2025-09-05T09:15:00+00:00","dateModified":"2025-10-31T14:46:08+00:00","breadcrumb":{"@id":"https:\/\/masseriaparadiso.it\/it\/privacy-policy\/#breadcrumb"},"inLanguage":"it-IT","potentialAction":[{"@type":"ReadAction","target":["https:\/\/masseriaparadiso.it\/it\/privacy-policy\/"]}]},{"@type":"BreadcrumbList","@id":"https:\/\/masseriaparadiso.it\/it\/privacy-policy\/#breadcrumb","itemListElement":[{"@type":"ListItem","position":1,"name":"Home","item":"https:\/\/masseriaparadiso.it\/it\/"},{"@type":"ListItem","position":2,"name":"Privacy Policy"}]},{"@type":"WebSite","@id":"https:\/\/masseriaparadiso.it\/#website","url":"https:\/\/masseriaparadiso.it\/","name":"Masseria Paradiso","description":"Where luxury means living slowly.","publisher":{"@id":"https:\/\/masseriaparadiso.it\/#organization"},"alternateName":"Where luxury means living slowly.","potentialAction":[{"@type":"SearchAction","target":{"@type":"EntryPoint","urlTemplate":"https:\/\/masseriaparadiso.it\/?s={search_term_string}"},"query-input":{"@type":"PropertyValueSpecification","valueRequired":true,"valueName":"search_term_string"}}],"inLanguage":"it-IT"},{"@type":"Organization","@id":"https:\/\/masseriaparadiso.it\/#organization","name":"Masseria Paradiso","url":"https:\/\/masseriaparadiso.it\/","logo":{"@type":"ImageObject","inLanguage":"it-IT","@id":"https:\/\/masseriaparadiso.it\/#\/schema\/logo\/image\/","url":"https:\/\/masseriaparadiso.it\/wp-content\/uploads\/2026\/02\/569271569_18075728717275631_4951930780644295676_n.jpg","contentUrl":"https:\/\/masseriaparadiso.it\/wp-content\/uploads\/2026\/02\/569271569_18075728717275631_4951930780644295676_n.jpg","width":320,"height":320,"caption":"Masseria Paradiso"},"image":{"@id":"https:\/\/masseriaparadiso.it\/#\/schema\/logo\/image\/"}}]}},"_links":{"self":[{"href":"https:\/\/masseriaparadiso.it\/it\/wp-json\/wp\/v2\/pages\/3","targetHints":{"allow":["GET"]}}],"collection":[{"href":"https:\/\/masseriaparadiso.it\/it\/wp-json\/wp\/v2\/pages"}],"about":[{"href":"https:\/\/masseriaparadiso.it\/it\/wp-json\/wp\/v2\/types\/page"}],"author":[{"embeddable":true,"href":"https:\/\/masseriaparadiso.it\/it\/wp-json\/wp\/v2\/users\/1"}],"replies":[{"embeddable":true,"href":"https:\/\/masseriaparadiso.it\/it\/wp-json\/wp\/v2\/comments?post=3"}],"version-history":[{"count":12,"href":"https:\/\/masseriaparadiso.it\/it\/wp-json\/wp\/v2\/pages\/3\/revisions"}],"predecessor-version":[{"id":3777,"href":"https:\/\/masseriaparadiso.it\/it\/wp-json\/wp\/v2\/pages\/3\/revisions\/3777"}],"wp:attachment":[{"href":"https:\/\/masseriaparadiso.it\/it\/wp-json\/wp\/v2\/media?parent=3"}],"curies":[{"name":"wp","href":"https:\/\/api.w.org\/{rel}","templated":true}]}}