{"id":721,"date":"2025-09-18T18:03:34","date_gmt":"2025-09-18T16:03:34","guid":{"rendered":"https:\/\/masseriaparadiso.it\/?page_id=721"},"modified":"2026-02-25T15:57:14","modified_gmt":"2026-02-25T14:57:14","slug":"storia","status":"publish","type":"page","link":"https:\/\/masseriaparadiso.it\/it\/storia\/","title":{"rendered":"Storia"},"content":{"rendered":"\t\t<div data-elementor-type=\"wp-page\" data-elementor-id=\"721\" class=\"elementor elementor-721\" data-elementor-post-type=\"page\">\n\t\t\t\t<div data-particle_enable=\"false\" data-particle-mobile-disabled=\"false\" class=\"elementor-element elementor-element-d267de6 e-flex e-con-boxed e-con e-parent\" data-id=\"d267de6\" data-element_type=\"container\" data-settings=\"{&quot;background_background&quot;:&quot;classic&quot;}\">\n\t\t\t\t\t<div class=\"e-con-inner\">\n\t\t<div data-particle_enable=\"false\" data-particle-mobile-disabled=\"false\" class=\"elementor-element elementor-element-25545ae e-con-full e-flex e-con e-child\" data-id=\"25545ae\" data-element_type=\"container\" data-settings=\"{&quot;position&quot;:&quot;absolute&quot;}\">\n\t\t\t\t<div class=\"elementor-element elementor-element-01b664f aerotis elementor-widget elementor-widget-heading\" data-id=\"01b664f\" data-element_type=\"widget\" data-widget_type=\"heading.default\">\n\t\t\t\t\t<h2 class=\"elementor-heading-title elementor-size-default\">Assapora la lentezza<\/h2>\t\t\t\t<\/div>\n\t\t\t\t<\/div>\n\t\t\t\t\t<\/div>\n\t\t\t\t<\/div>\n\t\t<div data-particle_enable=\"false\" data-particle-mobile-disabled=\"false\" class=\"elementor-element elementor-element-1f52591 e-flex e-con-boxed e-con e-parent\" data-id=\"1f52591\" data-element_type=\"container\">\n\t\t\t\t\t<div class=\"e-con-inner\">\n\t\t\t\t<div class=\"elementor-element elementor-element-47a48e2 elementor-widget elementor-widget-spacer\" data-id=\"47a48e2\" data-element_type=\"widget\" data-widget_type=\"spacer.default\">\n\t\t\t\t\t\t\t<div class=\"elementor-spacer\">\n\t\t\t<div class=\"elementor-spacer-inner\"><\/div>\n\t\t<\/div>\n\t\t\t\t\t\t<\/div>\n\t\t\t\t\t<\/div>\n\t\t\t\t<\/div>\n\t\t<div data-particle_enable=\"false\" data-particle-mobile-disabled=\"false\" class=\"elementor-element elementor-element-946ac48 e-con-full e-flex e-con e-parent\" data-id=\"946ac48\" data-element_type=\"container\">\n\t\t\t\t<div class=\"elementor-element elementor-element-1c44d2b elementor-widget elementor-widget-gallery\" data-id=\"1c44d2b\" data-element_type=\"widget\" data-settings=\"{&quot;columns&quot;:6,&quot;gap&quot;:{&quot;unit&quot;:&quot;px&quot;,&quot;size&quot;:0,&quot;sizes&quot;:[]},&quot;aspect_ratio&quot;:&quot;9:16&quot;,&quot;lazyload&quot;:&quot;yes&quot;,&quot;gallery_layout&quot;:&quot;grid&quot;,&quot;columns_tablet&quot;:2,&quot;columns_mobile&quot;:1,&quot;gap_tablet&quot;:{&quot;unit&quot;:&quot;px&quot;,&quot;size&quot;:10,&quot;sizes&quot;:[]},&quot;gap_mobile&quot;:{&quot;unit&quot;:&quot;px&quot;,&quot;size&quot;:10,&quot;sizes&quot;:[]},&quot;link_to&quot;:&quot;file&quot;,&quot;content_hover_animation&quot;:&quot;fade-in&quot;}\" data-widget_type=\"gallery.default\">\n\t\t\t\t\t\t\t<div class=\"elementor-gallery__container\">\n\t\t\t\t\t\t\t<a class=\"e-gallery-item elementor-gallery-item elementor-animated-content\" href=\"https:\/\/masseriaparadiso.it\/wp-content\/uploads\/2026\/02\/Paradiso_Pool_22-1.jpg\" data-elementor-open-lightbox=\"yes\" data-elementor-lightbox-slideshow=\"1c44d2b\" data-elementor-lightbox-title=\"Paradiso_Pool_22\" data-e-action-hash=\"#elementor-action%3Aaction%3Dlightbox%26settings%3DeyJpZCI6NDcxOSwidXJsIjoiaHR0cHM6XC9cL21hc3NlcmlhcGFyYWRpc28uaXRcL3dwLWNvbnRlbnRcL3VwbG9hZHNcLzIwMjZcLzAyXC9QYXJhZGlzb19Qb29sXzIyLTEuanBnIiwic2xpZGVzaG93IjoiMWM0NGQyYiJ9\">\n\t\t\t\t\t<div class=\"e-gallery-image elementor-gallery-item__image\" data-thumbnail=\"https:\/\/masseriaparadiso.it\/wp-content\/uploads\/2026\/02\/Paradiso_Pool_22-1.jpg\" data-width=\"600\" data-height=\"900\" aria-label=\"\" role=\"img\" ><\/div>\n\t\t\t\t\t\t\t\t\t\t\t\t\t\t<\/a>\n\t\t\t\t\t\t\t<a class=\"e-gallery-item elementor-gallery-item elementor-animated-content\" href=\"https:\/\/masseriaparadiso.it\/wp-content\/uploads\/2026\/02\/Paradiso_Reception_10-1.jpg\" data-elementor-open-lightbox=\"yes\" data-elementor-lightbox-slideshow=\"1c44d2b\" data-elementor-lightbox-title=\"Paradiso_Reception_10\" data-e-action-hash=\"#elementor-action%3Aaction%3Dlightbox%26settings%3DeyJpZCI6NDcyMCwidXJsIjoiaHR0cHM6XC9cL21hc3NlcmlhcGFyYWRpc28uaXRcL3dwLWNvbnRlbnRcL3VwbG9hZHNcLzIwMjZcLzAyXC9QYXJhZGlzb19SZWNlcHRpb25fMTAtMS5qcGciLCJzbGlkZXNob3ciOiIxYzQ0ZDJiIn0%3D\">\n\t\t\t\t\t<div class=\"e-gallery-image elementor-gallery-item__image\" data-thumbnail=\"https:\/\/masseriaparadiso.it\/wp-content\/uploads\/2026\/02\/Paradiso_Reception_10-1.jpg\" data-width=\"600\" data-height=\"900\" aria-label=\"\" role=\"img\" ><\/div>\n\t\t\t\t\t\t\t\t\t\t\t\t\t\t<\/a>\n\t\t\t\t\t\t\t<a class=\"e-gallery-item elementor-gallery-item elementor-animated-content\" href=\"https:\/\/masseriaparadiso.it\/wp-content\/uploads\/2026\/02\/masseria_suitePool_35-1.jpg\" data-elementor-open-lightbox=\"yes\" data-elementor-lightbox-slideshow=\"1c44d2b\" data-elementor-lightbox-title=\"masseria_suitePool_35\" data-e-action-hash=\"#elementor-action%3Aaction%3Dlightbox%26settings%3DeyJpZCI6NDcxNywidXJsIjoiaHR0cHM6XC9cL21hc3NlcmlhcGFyYWRpc28uaXRcL3dwLWNvbnRlbnRcL3VwbG9hZHNcLzIwMjZcLzAyXC9tYXNzZXJpYV9zdWl0ZVBvb2xfMzUtMS5qcGciLCJzbGlkZXNob3ciOiIxYzQ0ZDJiIn0%3D\">\n\t\t\t\t\t<div class=\"e-gallery-image elementor-gallery-item__image\" data-thumbnail=\"https:\/\/masseriaparadiso.it\/wp-content\/uploads\/2026\/02\/masseria_suitePool_35-1.jpg\" data-width=\"600\" data-height=\"900\" aria-label=\"\" role=\"img\" ><\/div>\n\t\t\t\t\t\t\t\t\t\t\t\t\t\t<\/a>\n\t\t\t\t\t\t\t<a class=\"e-gallery-item elementor-gallery-item elementor-animated-content\" href=\"https:\/\/masseriaparadiso.it\/wp-content\/uploads\/2026\/02\/Paradiso_Gazebo_06-1.jpg\" data-elementor-open-lightbox=\"yes\" data-elementor-lightbox-slideshow=\"1c44d2b\" data-elementor-lightbox-title=\"Paradiso_Gazebo_06\" data-e-action-hash=\"#elementor-action%3Aaction%3Dlightbox%26settings%3DeyJpZCI6NDcxOCwidXJsIjoiaHR0cHM6XC9cL21hc3NlcmlhcGFyYWRpc28uaXRcL3dwLWNvbnRlbnRcL3VwbG9hZHNcLzIwMjZcLzAyXC9QYXJhZGlzb19HYXplYm9fMDYtMS5qcGciLCJzbGlkZXNob3ciOiIxYzQ0ZDJiIn0%3D\">\n\t\t\t\t\t<div class=\"e-gallery-image elementor-gallery-item__image\" data-thumbnail=\"https:\/\/masseriaparadiso.it\/wp-content\/uploads\/2026\/02\/Paradiso_Gazebo_06-1.jpg\" data-width=\"600\" data-height=\"900\" aria-label=\"\" role=\"img\" ><\/div>\n\t\t\t\t\t\t\t\t\t\t\t\t\t\t<\/a>\n\t\t\t\t\t\t\t<a class=\"e-gallery-item elementor-gallery-item elementor-animated-content\" href=\"https:\/\/masseriaparadiso.it\/wp-content\/uploads\/2025\/10\/masseria_esterni_27.jpg\" data-elementor-open-lightbox=\"yes\" data-elementor-lightbox-slideshow=\"1c44d2b\" data-elementor-lightbox-title=\"masseria_esterni_27\" data-e-action-hash=\"#elementor-action%3Aaction%3Dlightbox%26settings%3DeyJpZCI6MzQxOSwidXJsIjoiaHR0cHM6XC9cL21hc3NlcmlhcGFyYWRpc28uaXRcL3dwLWNvbnRlbnRcL3VwbG9hZHNcLzIwMjVcLzEwXC9tYXNzZXJpYV9lc3Rlcm5pXzI3LmpwZyIsInNsaWRlc2hvdyI6IjFjNDRkMmIifQ%3D%3D\">\n\t\t\t\t\t<div class=\"e-gallery-image elementor-gallery-item__image\" data-thumbnail=\"https:\/\/masseriaparadiso.it\/wp-content\/uploads\/2025\/10\/masseria_esterni_27.jpg\" data-width=\"600\" data-height=\"900\" aria-label=\"\" role=\"img\" ><\/div>\n\t\t\t\t\t\t\t\t\t\t\t\t\t\t<\/a>\n\t\t\t\t\t\t\t<a class=\"e-gallery-item elementor-gallery-item elementor-animated-content\" href=\"https:\/\/masseriaparadiso.it\/wp-content\/uploads\/2025\/10\/masseria_esterni_15.jpg\" data-elementor-open-lightbox=\"yes\" data-elementor-lightbox-slideshow=\"1c44d2b\" data-elementor-lightbox-title=\"masseria_esterni_15\" data-e-action-hash=\"#elementor-action%3Aaction%3Dlightbox%26settings%3DeyJpZCI6MzQxOCwidXJsIjoiaHR0cHM6XC9cL21hc3NlcmlhcGFyYWRpc28uaXRcL3dwLWNvbnRlbnRcL3VwbG9hZHNcLzIwMjVcLzEwXC9tYXNzZXJpYV9lc3Rlcm5pXzE1LmpwZyIsInNsaWRlc2hvdyI6IjFjNDRkMmIifQ%3D%3D\">\n\t\t\t\t\t<div class=\"e-gallery-image elementor-gallery-item__image\" data-thumbnail=\"https:\/\/masseriaparadiso.it\/wp-content\/uploads\/2025\/10\/masseria_esterni_15.jpg\" data-width=\"600\" data-height=\"900\" aria-label=\"\" role=\"img\" ><\/div>\n\t\t\t\t\t\t\t\t\t\t\t\t\t\t<\/a>\n\t\t\t\t\t<\/div>\n\t\t\t\t\t<\/div>\n\t\t\t\t<\/div>\n\t\t<div data-particle_enable=\"false\" data-particle-mobile-disabled=\"false\" class=\"elementor-element elementor-element-4b11e43 e-flex e-con-boxed e-con e-parent\" data-id=\"4b11e43\" data-element_type=\"container\">\n\t\t\t\t\t<div class=\"e-con-inner\">\n\t\t<div data-particle_enable=\"false\" data-particle-mobile-disabled=\"false\" class=\"elementor-element elementor-element-58bd08c e-con-full e-flex e-con e-child\" data-id=\"58bd08c\" data-element_type=\"container\">\n\t\t\t\t<div class=\"elementor-element elementor-element-8ed0e13 elementor-widget elementor-widget-heading\" data-id=\"8ed0e13\" data-element_type=\"widget\" data-widget_type=\"heading.default\">\n\t\t\t\t\t<h2 class=\"elementor-heading-title elementor-size-default\">Dimora<\/h2>\t\t\t\t<\/div>\n\t\t\t\t<div class=\"elementor-element elementor-element-3ceb0fd elementor-widget elementor-widget-text-editor\" data-id=\"3ceb0fd\" data-element_type=\"widget\" data-widget_type=\"text-editor.default\">\n\t\t\t\t\t\t\t\t\t<p>Masseria Paradiso \u00e8 un rifugio di slow luxury nel cuore della Puglia. Antica e bianca, la nostra dimora \u00e8 un angolo di serenit\u00e0, dove il tempo scorre lentamente.<br><br>Ogni spazio racconta storie di autenticit\u00e0: la pietra viva, i profumi della terra e la luce che entra delicatamente.<br><br>L\u2019ospitalit\u00e0 qui \u00e8 un atto di rispetto: per la natura, per gli ospiti e per la bellezza semplice delle cose vere. Un luogo dove il lusso si misura con la tranquillit\u00e0 e il comfort discreto, dove ogni momento \u00e8 un invito a rallentare.<\/p>\t\t\t\t\t\t\t\t<\/div>\n\t\t\t\t<\/div>\n\t\t\t\t\t<\/div>\n\t\t\t\t<\/div>\n\t\t\t\t<\/div>\n\t\t","protected":false},"excerpt":{"rendered":"<p>Assapora la lentezza Dimora Masseria Paradiso \u00e8 un rifugio di slow luxury nel cuore della Puglia. Antica e bianca, la nostra dimora \u00e8 un angolo di serenit\u00e0, dove il tempo scorre lentamente. Ogni spazio racconta storie di autenticit\u00e0: la pietra viva, i profumi della terra e la luce che entra delicatamente. L\u2019ospitalit\u00e0 qui \u00e8 un [&hellip;]<\/p>\n","protected":false},"author":1,"featured_media":0,"parent":0,"menu_order":0,"comment_status":"closed","ping_status":"closed","template":"","meta":{"footnotes":""},"class_list":["post-721","page","type-page","status-publish","hentry"],"yoast_head":"<!-- This site is optimized with the Yoast SEO plugin v27.0 - https:\/\/yoast.com\/product\/yoast-seo-wordpress\/ -->\n<title>Storia - Masseria Paradiso<\/title>\n<meta name=\"robots\" content=\"index, follow, max-snippet:-1, max-image-preview:large, max-video-preview:-1\" \/>\n<link rel=\"canonical\" href=\"https:\/\/masseriaparadiso.it\/it\/storia\/\" \/>\n<meta property=\"og:locale\" content=\"it_IT\" \/>\n<meta property=\"og:type\" content=\"article\" \/>\n<meta property=\"og:title\" content=\"Storia - Masseria Paradiso\" \/>\n<meta property=\"og:description\" content=\"Assapora la lentezza Dimora Masseria Paradiso \u00e8 un rifugio di slow luxury nel cuore della Puglia. Antica e bianca, la nostra dimora \u00e8 un angolo di serenit\u00e0, dove il tempo scorre lentamente. Ogni spazio racconta storie di autenticit\u00e0: la pietra viva, i profumi della terra e la luce che entra delicatamente. L\u2019ospitalit\u00e0 qui \u00e8 un [&hellip;]\" \/>\n<meta property=\"og:url\" content=\"https:\/\/masseriaparadiso.it\/it\/storia\/\" \/>\n<meta property=\"og:site_name\" content=\"Masseria Paradiso\" \/>\n<meta property=\"article:modified_time\" content=\"2026-02-25T14:57:14+00:00\" \/>\n<meta property=\"og:image\" content=\"https:\/\/masseriaparadiso.it\/wp-content\/uploads\/2026\/03\/Masseria-Logo-Social.png\" \/>\n\t<meta property=\"og:image:width\" content=\"320\" \/>\n\t<meta property=\"og:image:height\" content=\"320\" \/>\n\t<meta property=\"og:image:type\" content=\"image\/png\" \/>\n<meta name=\"twitter:card\" content=\"summary_large_image\" \/>\n<meta name=\"twitter:label1\" content=\"Tempo di lettura stimato\" \/>\n\t<meta name=\"twitter:data1\" content=\"1 minuto\" \/>\n<script type=\"application\/ld+json\" class=\"yoast-schema-graph\">{\"@context\":\"https:\/\/schema.org\",\"@graph\":[{\"@type\":\"WebPage\",\"@id\":\"https:\/\/masseriaparadiso.it\/it\/storia\/\",\"url\":\"https:\/\/masseriaparadiso.it\/it\/storia\/\",\"name\":\"Storia - Masseria Paradiso\",\"isPartOf\":{\"@id\":\"https:\/\/masseriaparadiso.it\/#website\"},\"datePublished\":\"2025-09-18T16:03:34+00:00\",\"dateModified\":\"2026-02-25T14:57:14+00:00\",\"breadcrumb\":{\"@id\":\"https:\/\/masseriaparadiso.it\/it\/storia\/#breadcrumb\"},\"inLanguage\":\"it-IT\",\"potentialAction\":[{\"@type\":\"ReadAction\",\"target\":[\"https:\/\/masseriaparadiso.it\/it\/storia\/\"]}]},{\"@type\":\"BreadcrumbList\",\"@id\":\"https:\/\/masseriaparadiso.it\/it\/storia\/#breadcrumb\",\"itemListElement\":[{\"@type\":\"ListItem\",\"position\":1,\"name\":\"Home\",\"item\":\"https:\/\/masseriaparadiso.it\/it\/\"},{\"@type\":\"ListItem\",\"position\":2,\"name\":\"Storia\"}]},{\"@type\":\"WebSite\",\"@id\":\"https:\/\/masseriaparadiso.it\/#website\",\"url\":\"https:\/\/masseriaparadiso.it\/\",\"name\":\"Masseria Paradiso\",\"description\":\"Where luxury means living slowly.\",\"publisher\":{\"@id\":\"https:\/\/masseriaparadiso.it\/#organization\"},\"alternateName\":\"Where luxury means living slowly.\",\"potentialAction\":[{\"@type\":\"SearchAction\",\"target\":{\"@type\":\"EntryPoint\",\"urlTemplate\":\"https:\/\/masseriaparadiso.it\/?s={search_term_string}\"},\"query-input\":{\"@type\":\"PropertyValueSpecification\",\"valueRequired\":true,\"valueName\":\"search_term_string\"}}],\"inLanguage\":\"it-IT\"},{\"@type\":\"Organization\",\"@id\":\"https:\/\/masseriaparadiso.it\/#organization\",\"name\":\"Masseria Paradiso\",\"url\":\"https:\/\/masseriaparadiso.it\/\",\"logo\":{\"@type\":\"ImageObject\",\"inLanguage\":\"it-IT\",\"@id\":\"https:\/\/masseriaparadiso.it\/#\/schema\/logo\/image\/\",\"url\":\"https:\/\/masseriaparadiso.it\/wp-content\/uploads\/2026\/02\/569271569_18075728717275631_4951930780644295676_n.jpg\",\"contentUrl\":\"https:\/\/masseriaparadiso.it\/wp-content\/uploads\/2026\/02\/569271569_18075728717275631_4951930780644295676_n.jpg\",\"width\":320,\"height\":320,\"caption\":\"Masseria Paradiso\"},\"image\":{\"@id\":\"https:\/\/masseriaparadiso.it\/#\/schema\/logo\/image\/\"}}]}<\/script>\n<!-- \/ Yoast SEO plugin. -->","yoast_head_json":{"title":"Storia - Masseria Paradiso","robots":{"index":"index","follow":"follow","max-snippet":"max-snippet:-1","max-image-preview":"max-image-preview:large","max-video-preview":"max-video-preview:-1"},"canonical":"https:\/\/masseriaparadiso.it\/it\/storia\/","og_locale":"it_IT","og_type":"article","og_title":"Storia - Masseria Paradiso","og_description":"Assapora la lentezza Dimora Masseria Paradiso \u00e8 un rifugio di slow luxury nel cuore della Puglia. Antica e bianca, la nostra dimora \u00e8 un angolo di serenit\u00e0, dove il tempo scorre lentamente. Ogni spazio racconta storie di autenticit\u00e0: la pietra viva, i profumi della terra e la luce che entra delicatamente. L\u2019ospitalit\u00e0 qui \u00e8 un [&hellip;]","og_url":"https:\/\/masseriaparadiso.it\/it\/storia\/","og_site_name":"Masseria Paradiso","article_modified_time":"2026-02-25T14:57:14+00:00","og_image":[{"width":320,"height":320,"url":"https:\/\/masseriaparadiso.it\/wp-content\/uploads\/2026\/03\/Masseria-Logo-Social.png","type":"image\/png"}],"twitter_card":"summary_large_image","twitter_misc":{"Tempo di lettura stimato":"1 minuto"},"schema":{"@context":"https:\/\/schema.org","@graph":[{"@type":"WebPage","@id":"https:\/\/masseriaparadiso.it\/it\/storia\/","url":"https:\/\/masseriaparadiso.it\/it\/storia\/","name":"Storia - Masseria Paradiso","isPartOf":{"@id":"https:\/\/masseriaparadiso.it\/#website"},"datePublished":"2025-09-18T16:03:34+00:00","dateModified":"2026-02-25T14:57:14+00:00","breadcrumb":{"@id":"https:\/\/masseriaparadiso.it\/it\/storia\/#breadcrumb"},"inLanguage":"it-IT","potentialAction":[{"@type":"ReadAction","target":["https:\/\/masseriaparadiso.it\/it\/storia\/"]}]},{"@type":"BreadcrumbList","@id":"https:\/\/masseriaparadiso.it\/it\/storia\/#breadcrumb","itemListElement":[{"@type":"ListItem","position":1,"name":"Home","item":"https:\/\/masseriaparadiso.it\/it\/"},{"@type":"ListItem","position":2,"name":"Storia"}]},{"@type":"WebSite","@id":"https:\/\/masseriaparadiso.it\/#website","url":"https:\/\/masseriaparadiso.it\/","name":"Masseria Paradiso","description":"Where luxury means living slowly.","publisher":{"@id":"https:\/\/masseriaparadiso.it\/#organization"},"alternateName":"Where luxury means living slowly.","potentialAction":[{"@type":"SearchAction","target":{"@type":"EntryPoint","urlTemplate":"https:\/\/masseriaparadiso.it\/?s={search_term_string}"},"query-input":{"@type":"PropertyValueSpecification","valueRequired":true,"valueName":"search_term_string"}}],"inLanguage":"it-IT"},{"@type":"Organization","@id":"https:\/\/masseriaparadiso.it\/#organization","name":"Masseria Paradiso","url":"https:\/\/masseriaparadiso.it\/","logo":{"@type":"ImageObject","inLanguage":"it-IT","@id":"https:\/\/masseriaparadiso.it\/#\/schema\/logo\/image\/","url":"https:\/\/masseriaparadiso.it\/wp-content\/uploads\/2026\/02\/569271569_18075728717275631_4951930780644295676_n.jpg","contentUrl":"https:\/\/masseriaparadiso.it\/wp-content\/uploads\/2026\/02\/569271569_18075728717275631_4951930780644295676_n.jpg","width":320,"height":320,"caption":"Masseria Paradiso"},"image":{"@id":"https:\/\/masseriaparadiso.it\/#\/schema\/logo\/image\/"}}]}},"_links":{"self":[{"href":"https:\/\/masseriaparadiso.it\/it\/wp-json\/wp\/v2\/pages\/721","targetHints":{"allow":["GET"]}}],"collection":[{"href":"https:\/\/masseriaparadiso.it\/it\/wp-json\/wp\/v2\/pages"}],"about":[{"href":"https:\/\/masseriaparadiso.it\/it\/wp-json\/wp\/v2\/types\/page"}],"author":[{"embeddable":true,"href":"https:\/\/masseriaparadiso.it\/it\/wp-json\/wp\/v2\/users\/1"}],"replies":[{"embeddable":true,"href":"https:\/\/masseriaparadiso.it\/it\/wp-json\/wp\/v2\/comments?post=721"}],"version-history":[{"count":196,"href":"https:\/\/masseriaparadiso.it\/it\/wp-json\/wp\/v2\/pages\/721\/revisions"}],"predecessor-version":[{"id":4727,"href":"https:\/\/masseriaparadiso.it\/it\/wp-json\/wp\/v2\/pages\/721\/revisions\/4727"}],"wp:attachment":[{"href":"https:\/\/masseriaparadiso.it\/it\/wp-json\/wp\/v2\/media?parent=721"}],"curies":[{"name":"wp","href":"https:\/\/api.w.org\/{rel}","templated":true}]}}